{"id":24691,"date":"2023-06-20T13:32:25","date_gmt":"2023-06-20T13:32:25","guid":{"rendered":"https:\/\/www.hancockhealth.org\/?page_id=24691"},"modified":"2023-09-11T17:24:53","modified_gmt":"2023-09-11T17:24:53","slug":"phone-directory","status":"publish","type":"page","link":"https:\/\/www.hancockhealth.org\/fr\/contact-us\/phone-directory\/","title":{"rendered":"Annuaire t\u00e9l\u00e9phonique"},"content":{"rendered":"<section id=\"block-block_017a80103e827f878dfc280640957080\" class=\"wdm-image-content-hero-block  alignleft\" style=\"  padding-top: ;   padding-bottom: ;   margin-top: ;   margin-bottom: ;\">\n\n    <div class=\"container mx-auto\">\n\n        <div class=\"image-content-hero-wrapper\">\n\n            <div class=\"content-wrapper\">\n                            <h1 class=\"h2 han-barlow-xbold\">Parcourez notre annuaire t\u00e9l\u00e9phonique<\/h1>\n              <p>Si vous recherchez un service sp\u00e9cifique chez Hancock Health, vous pouvez trouver son num\u00e9ro de t\u00e9l\u00e9phone dans notre r\u00e9pertoire alphab\u00e9tique ci-dessous. Si vous ne trouvez pas le d\u00e9partement que vous recherchez, veuillez appeler notre ligne principale au <a href=\"tel:3174625544\">(317) 462-5544<\/a>.<\/p>\n              <div class=\"button-wrapper\">\n                                <a href=\"https:\/\/www.hancockhealth.org\/fr\/find-a-doctor\/\" class=\"han-btn with-chevron\">Trouver un m\u00e9decin<\/a>\n                                                <a href=\"https:\/\/www.hancockhealth.org\/fr\/find-a-location\/\" class=\"han-btn with-chevron outline\">Trouver un emplacement<\/a>\n                                              <\/div>\n                            \n            <\/div>\n\n            \n        <\/div>\n\n        \n    <\/div>\n\n<\/section> \n\n<div class=\"container mx-auto   wordpress-block wordpress- core-\">\n\n<\/div><section id=\"block-block_01b664009210573815d9f2ddebde8d0b\" class=\"wdm-accordion-block  alignleft white\" style=\"  padding-top: ;   padding-bottom: ;   margin-top: ;   margin-bottom: ;\">\n\n  <div class=\"container mx-auto\">\n\n    <div class=\"accordion-wrapper\">\n\n    \n\n      <div class=\"accordion-content\">\n              <\/div>\n\n              \n      <div id=\"item-wrapper-69ff21a8ac1cd\">\n\n                \n        <div class=\"accordion-group\">\n          <h6 class=\"mb-0\" id=\"flush-heading-69ff21a8ac1cd-0\">\n            <button class=\"group relative flex w-full items-center text-left\"\n                    type=\"button\"\n                    data-te-collapse-init\n data-te-target=\"#flush-collapse-69ff21a8ac1cd-0\"\n                    aria-expanded=\"true\"\n                    aria-controls=\"flush-collapse-69ff21a8ac1cd-0\"\n            >\n            Informations et administration            <\/button>\n          <\/h6>\n          <div\n            id=\"flush-collapse-69ff21a8ac1cd-0\"\n            class=\"!visible\"\n            data-te-collapse-item\n data-te-collapse-show aria-labelledby=\"flush-heading-69ff21a8ac1cd-0\"\n            data-te-parent=\"#item-wrapper-69ff21a8ac1cd\">\n            <div class=\"item-content column-two\">\n              <p><strong>Bureau d&#039;information<\/strong><br \/>\n<a href=\"tel:+13174684201\">(317) 468-4201<\/a><\/p>\n<p><strong>Services financiers aux patients<\/strong><br \/>\n<a href=\"tel:+13174686900\">(317) 468-4900<\/a><\/p>\n<p><strong>Services d&#039;information sur la sant\u00e9<\/strong><br \/>\n<a href=\"tel:+13174684407\">(317) 468-4407<\/a><\/p>\n<p><strong>Administration<\/strong><br \/>\n<a href=\"tel:+13174684412\">(317) 468-4412<\/a><\/p>\n<p><strong>Ressources humaines<\/strong><br \/>\n<a href=\"tel:+13174684510\">(317) 468-4510<\/a><\/p>\n<p><strong>Demandes des m\u00e9dias<\/strong><br \/>\n<a href=\"tel:+13174684388\">(317) 468-4388<\/a><\/p>\n<p><strong>Services b\u00e9n\u00e9voles<\/strong><br \/>\n<a href=\"tel:+13174684252\">(317) 468-4252<\/a><\/p>\n<p><strong>Fondation de l&#039;h\u00f4pital r\u00e9gional de Hancock<\/strong><br \/>\n<a href=\"tel:+13174684106\">(317) 468-4106<\/a><\/p>\n            <\/div>\n                      <\/div>\n\n        <\/div>\n\n                \n        <div class=\"accordion-group\">\n          <h6 class=\"mb-0\" id=\"flush-heading-69ff21a8ac1cd-1\">\n            <button class=\"group relative flex w-full items-center text-left\"\n                    type=\"button\"\n                    data-te-collapse-init\n data-te-collapse-collapsed data-te-target=\"#flush-collapse-69ff21a8ac1cd-1\"\n                    aria-expanded=\"false\"\n                    aria-controls=\"flush-collapse-69ff21a8ac1cd-1\"\n            >\n            Services cardiovasculaires            <\/button>\n          <\/h6>\n          <div\n            id=\"flush-collapse-69ff21a8ac1cd-1\"\n            class=\"!visible hidden\"\n            data-te-collapse-item\n data-te-collapse-collapsed aria-labelledby=\"flush-heading-69ff21a8ac1cd-1\"\n            data-te-parent=\"#item-wrapper-69ff21a8ac1cd\">\n            <div class=\"item-content column-one\">\n              <p><strong>Unit\u00e9 de soins intensifs cardiaques (USIC)<\/strong><br \/>\n<a href=\"tel:+13174684211\">(317) 468-4211<\/a><\/p>\n            <\/div>\n                      <\/div>\n\n        <\/div>\n\n                \n        <div class=\"accordion-group\">\n          <h6 class=\"mb-0\" id=\"flush-heading-69ff21a8ac1cd-2\">\n            <button class=\"group relative flex w-full items-center text-left\"\n                    type=\"button\"\n                    data-te-collapse-init\n data-te-collapse-collapsed data-te-target=\"#flush-collapse-69ff21a8ac1cd-2\"\n                    aria-expanded=\"false\"\n                    aria-controls=\"flush-collapse-69ff21a8ac1cd-2\"\n            >\n            Soins aux adultes, aux personnes \u00e2g\u00e9es et en fin de vie            <\/button>\n          <\/h6>\n          <div\n            id=\"flush-collapse-69ff21a8ac1cd-2\"\n            class=\"!visible hidden\"\n            data-te-collapse-item\n data-te-collapse-collapsed aria-labelledby=\"flush-heading-69ff21a8ac1cd-2\"\n            data-te-parent=\"#item-wrapper-69ff21a8ac1cd\">\n            <div class=\"item-content column-one\">\n              <p><strong>Soins palliatifs et palliatifs<\/strong><br \/>\n<a href=\"tel:+13174684522\">(317) 468-4522<\/a><\/p>\n<p><strong>Transitions en soins palliatifs<\/strong><br \/>\n<a href=\"tel:+13174684522\">(317) 468-4522<\/a><\/p>\n            <\/div>\n                      <\/div>\n\n        <\/div>\n\n                \n        <div class=\"accordion-group\">\n          <h6 class=\"mb-0\" id=\"flush-heading-69ff21a8ac1cd-3\">\n            <button class=\"group relative flex w-full items-center text-left\"\n                    type=\"button\"\n                    data-te-collapse-init\n data-te-collapse-collapsed data-te-target=\"#flush-collapse-69ff21a8ac1cd-3\"\n                    aria-expanded=\"false\"\n                    aria-controls=\"flush-collapse-69ff21a8ac1cd-3\"\n            >\n            Femmes et enfants            <\/button>\n          <\/h6>\n          <div\n            id=\"flush-collapse-69ff21a8ac1cd-3\"\n            class=\"!visible hidden\"\n            data-te-collapse-item\n data-te-collapse-collapsed aria-labelledby=\"flush-heading-69ff21a8ac1cd-3\"\n            data-te-parent=\"#item-wrapper-69ff21a8ac1cd\">\n            <div class=\"item-content column-one\">\n              <p><strong>Unit\u00e9 des femmes et des enfants d&#039;Andis<\/strong><br \/>\n<a href=\"tel:+13174684485\">(317) 468-4485<\/a><\/p>\n<p><strong>Clinique des femmes Andis<\/strong><br \/>\n<a href=\"tel:+13174684641\">(317) 468-4641<\/a><\/p>\n            <\/div>\n                      <\/div>\n\n        <\/div>\n\n                \n        <div class=\"accordion-group\">\n          <h6 class=\"mb-0\" id=\"flush-heading-69ff21a8ac1cd-4\">\n            <button class=\"group relative flex w-full items-center text-left\"\n                    type=\"button\"\n                    data-te-collapse-init\n data-te-collapse-collapsed data-te-target=\"#flush-collapse-69ff21a8ac1cd-4\"\n                    aria-expanded=\"false\"\n                    aria-controls=\"flush-collapse-69ff21a8ac1cd-4\"\n            >\n            Sant\u00e9 mentale et services sociaux            <\/button>\n          <\/h6>\n          <div\n            id=\"flush-collapse-69ff21a8ac1cd-4\"\n            class=\"!visible hidden\"\n            data-te-collapse-item\n data-te-collapse-collapsed aria-labelledby=\"flush-heading-69ff21a8ac1cd-4\"\n            data-te-parent=\"#item-wrapper-69ff21a8ac1cd\">\n            <div class=\"item-content column-one\">\n              <p><strong>Services sociaux<\/strong><br \/>\n<a href=\"tel:+13174684532\">(317) 468-4532<\/a><\/p>\n<p><strong>Services d&#039;aum\u00f4nerie hospitali\u00e8re<\/strong><br \/>\n<a href=\"tel:+13174684452\">(317) 468-4452<\/a><\/p>\n            <\/div>\n                      <\/div>\n\n        <\/div>\n\n                \n        <div class=\"accordion-group\">\n          <h6 class=\"mb-0\" id=\"flush-heading-69ff21a8ac1cd-5\">\n            <button class=\"group relative flex w-full items-center text-left\"\n                    type=\"button\"\n                    data-te-collapse-init\n data-te-collapse-collapsed data-te-target=\"#flush-collapse-69ff21a8ac1cd-5\"\n                    aria-expanded=\"false\"\n                    aria-controls=\"flush-collapse-69ff21a8ac1cd-5\"\n            >\n            Chirurgie et r\u00e9\u00e9ducation            <\/button>\n          <\/h6>\n          <div\n            id=\"flush-collapse-69ff21a8ac1cd-5\"\n            class=\"!visible hidden\"\n            data-te-collapse-item\n data-te-collapse-collapsed aria-labelledby=\"flush-heading-69ff21a8ac1cd-5\"\n            data-te-parent=\"#item-wrapper-69ff21a8ac1cd\">\n            <div class=\"item-content column-one\">\n              <p><strong>Chirurgie le jour m\u00eame<\/strong><br \/>\n<a href=\"tel:+13174684288\">(317) 468-4288<\/a><\/p>\n            <\/div>\n                      <\/div>\n\n        <\/div>\n\n        \n      <\/div>\n\n      \n    <\/div>\n    \n  <\/div>\n\n    \n    \n    <!-- <div class=\"container mx-auto\">\n    \n        <div class=\"accordion-wrapper\">\n    \n              \n          <div class=\"accordion-content\">\n            <h3><\/h3>\n                      <\/div>\n    \n          <div class=\"grid grid-cols-1\">\n      \n                  \n              <div class=\"item-wrapper\">\n                <h6 class=\"item-title cursor-pointer  \"><\/h6>\n                <div class=\"item-content hidden \">\n                                  <\/div>\n                <div class=\"item-line\"><\/div>\n              <\/div>\n      \n                  \n          <\/div>\n      \n                \n        <\/div>\n    \n    <\/div> -->\n    \n<\/section>","protected":false},"excerpt":{"rendered":"<p>If you\u2019re looking for a specific department at Hancock Health, you can find its phone number in our alphabetized directory.<\/p>","protected":false},"author":6,"featured_media":0,"parent":22889,"menu_order":0,"comment_status":"closed","ping_status":"closed","template":"","meta":{"_acf_changed":false,"_tec_requires_first_save":true,"_EventAllDay":false,"_EventTimezone":"","_EventStartDate":"","_EventEndDate":"","_EventStartDateUTC":"","_EventEndDateUTC":"","_EventShowMap":false,"_EventShowMapLink":false,"_EventURL":"","_EventCost":"","_EventCostDescription":"","_EventCurrencySymbol":"","_EventCurrencyCode":"","_EventCurrencyPosition":"","_EventDateTimeSeparator":"","_EventTimeRangeSeparator":"","_EventOrganizerID":[],"_EventVenueID":[],"_OrganizerEmail":"","_OrganizerPhone":"","_OrganizerWebsite":"","_VenueAddress":"","_VenueCity":"","_VenueCountry":"","_VenueProvince":"","_VenueState":"","_VenueZip":"","_VenuePhone":"","_VenueURL":"","_VenueStateProvince":"","_VenueLat":"","_VenueLng":"","_VenueShowMap":false,"_VenueShowMapLink":false,"_tribe_blocks_recurrence_rules":"","_tribe_blocks_recurrence_description":"","_tribe_blocks_recurrence_exclusions":"","footnotes":""},"class_list":["post-24691","page","type-page","status-publish","hentry"],"acf":[],"yoast_head":"<!-- This site is optimized with the Yoast SEO plugin v27.3 - https:\/\/yoast.com\/product\/yoast-seo-wordpress\/ -->\n<title>Phone Directory - Hancock Health<\/title>\n<meta name=\"description\" content=\"If you have questions and need to contact a department at Hancock Health, find their phone number here.\" \/>\n<meta name=\"robots\" content=\"index, follow, max-snippet:-1, max-image-preview:large, max-video-preview:-1\" \/>\n<link rel=\"canonical\" href=\"https:\/\/www.hancockhealth.org\/fr\/contact-us\/phone-directory\/\" \/>\n<meta property=\"og:locale\" content=\"fr_FR\" \/>\n<meta property=\"og:type\" content=\"article\" \/>\n<meta property=\"og:title\" content=\"Phone Directory - Hancock Health\" \/>\n<meta property=\"og:description\" content=\"If you have questions and need to contact a department at Hancock Health, find their phone number here.\" \/>\n<meta property=\"og:url\" content=\"https:\/\/www.hancockhealth.org\/fr\/contact-us\/phone-directory\/\" \/>\n<meta property=\"og:site_name\" content=\"Hancock Health\" \/>\n<meta property=\"article:modified_time\" content=\"2023-09-11T17:24:53+00:00\" \/>\n<meta name=\"twitter:card\" content=\"summary_large_image\" \/>\n<script type=\"application\/ld+json\" class=\"yoast-schema-graph\">{\"@context\":\"https:\\\/\\\/schema.org\",\"@graph\":[{\"@type\":\"WebPage\",\"@id\":\"https:\\\/\\\/www.hancockhealth.org\\\/contact-us\\\/phone-directory\\\/\",\"url\":\"https:\\\/\\\/www.hancockhealth.org\\\/contact-us\\\/phone-directory\\\/\",\"name\":\"Phone Directory - Hancock Health\",\"isPartOf\":{\"@id\":\"https:\\\/\\\/www.hancockhealth.org\\\/#website\"},\"datePublished\":\"2023-06-20T13:32:25+00:00\",\"dateModified\":\"2023-09-11T17:24:53+00:00\",\"description\":\"If you have questions and need to contact a department at Hancock Health, find their phone number here.\",\"breadcrumb\":{\"@id\":\"https:\\\/\\\/www.hancockhealth.org\\\/contact-us\\\/phone-directory\\\/#breadcrumb\"},\"inLanguage\":\"fr-FR\",\"potentialAction\":[{\"@type\":\"ReadAction\",\"target\":[\"https:\\\/\\\/www.hancockhealth.org\\\/contact-us\\\/phone-directory\\\/\"]}]},{\"@type\":\"BreadcrumbList\",\"@id\":\"https:\\\/\\\/www.hancockhealth.org\\\/contact-us\\\/phone-directory\\\/#breadcrumb\",\"itemListElement\":[{\"@type\":\"ListItem\",\"position\":1,\"name\":\"Home\",\"item\":\"https:\\\/\\\/www.hancockhealth.org\\\/\"},{\"@type\":\"ListItem\",\"position\":2,\"name\":\"Contact Us\",\"item\":\"https:\\\/\\\/www.hancockhealth.org\\\/contact-us\\\/\"},{\"@type\":\"ListItem\",\"position\":3,\"name\":\"Phone Directory\"}]},{\"@type\":\"WebSite\",\"@id\":\"https:\\\/\\\/www.hancockhealth.org\\\/#website\",\"url\":\"https:\\\/\\\/www.hancockhealth.org\\\/\",\"name\":\"Hancock Health\",\"description\":\"Explore a health network built around you.\",\"potentialAction\":[{\"@type\":\"SearchAction\",\"target\":{\"@type\":\"EntryPoint\",\"urlTemplate\":\"https:\\\/\\\/www.hancockhealth.org\\\/?s={search_term_string}\"},\"query-input\":{\"@type\":\"PropertyValueSpecification\",\"valueRequired\":true,\"valueName\":\"search_term_string\"}}],\"inLanguage\":\"fr-FR\"}]}<\/script>\n<!-- \/ Yoast SEO plugin. -->","yoast_head_json":{"title":"Phone Directory - Hancock Health","description":"If you have questions and need to contact a department at Hancock Health, find their phone number here.","robots":{"index":"index","follow":"follow","max-snippet":"max-snippet:-1","max-image-preview":"max-image-preview:large","max-video-preview":"max-video-preview:-1"},"canonical":"https:\/\/www.hancockhealth.org\/fr\/contact-us\/phone-directory\/","og_locale":"fr_FR","og_type":"article","og_title":"Phone Directory - Hancock Health","og_description":"If you have questions and need to contact a department at Hancock Health, find their phone number here.","og_url":"https:\/\/www.hancockhealth.org\/fr\/contact-us\/phone-directory\/","og_site_name":"Hancock Health","article_modified_time":"2023-09-11T17:24:53+00:00","twitter_card":"summary_large_image","schema":{"@context":"https:\/\/schema.org","@graph":[{"@type":"WebPage","@id":"https:\/\/www.hancockhealth.org\/contact-us\/phone-directory\/","url":"https:\/\/www.hancockhealth.org\/contact-us\/phone-directory\/","name":"Phone Directory - Hancock Health","isPartOf":{"@id":"https:\/\/www.hancockhealth.org\/#website"},"datePublished":"2023-06-20T13:32:25+00:00","dateModified":"2023-09-11T17:24:53+00:00","description":"If you have questions and need to contact a department at Hancock Health, find their phone number here.","breadcrumb":{"@id":"https:\/\/www.hancockhealth.org\/contact-us\/phone-directory\/#breadcrumb"},"inLanguage":"fr-FR","potentialAction":[{"@type":"ReadAction","target":["https:\/\/www.hancockhealth.org\/contact-us\/phone-directory\/"]}]},{"@type":"BreadcrumbList","@id":"https:\/\/www.hancockhealth.org\/contact-us\/phone-directory\/#breadcrumb","itemListElement":[{"@type":"ListItem","position":1,"name":"Home","item":"https:\/\/www.hancockhealth.org\/"},{"@type":"ListItem","position":2,"name":"Contact Us","item":"https:\/\/www.hancockhealth.org\/contact-us\/"},{"@type":"ListItem","position":3,"name":"Phone Directory"}]},{"@type":"WebSite","@id":"https:\/\/www.hancockhealth.org\/#website","url":"https:\/\/www.hancockhealth.org\/","name":"Sant\u00e9 Hancock","description":"Explore a health network built around you.","potentialAction":[{"@type":"SearchAction","target":{"@type":"EntryPoint","urlTemplate":"https:\/\/www.hancockhealth.org\/?s={search_term_string}"},"query-input":{"@type":"PropertyValueSpecification","valueRequired":true,"valueName":"search_term_string"}}],"inLanguage":"fr-FR"}]}},"_links":{"self":[{"href":"https:\/\/www.hancockhealth.org\/fr\/wp-json\/wp\/v2\/pages\/24691","targetHints":{"allow":["GET"]}}],"collection":[{"href":"https:\/\/www.hancockhealth.org\/fr\/wp-json\/wp\/v2\/pages"}],"about":[{"href":"https:\/\/www.hancockhealth.org\/fr\/wp-json\/wp\/v2\/types\/page"}],"author":[{"embeddable":true,"href":"https:\/\/www.hancockhealth.org\/fr\/wp-json\/wp\/v2\/users\/6"}],"replies":[{"embeddable":true,"href":"https:\/\/www.hancockhealth.org\/fr\/wp-json\/wp\/v2\/comments?post=24691"}],"version-history":[{"count":0,"href":"https:\/\/www.hancockhealth.org\/fr\/wp-json\/wp\/v2\/pages\/24691\/revisions"}],"up":[{"embeddable":true,"href":"https:\/\/www.hancockhealth.org\/fr\/wp-json\/wp\/v2\/pages\/22889"}],"wp:attachment":[{"href":"https:\/\/www.hancockhealth.org\/fr\/wp-json\/wp\/v2\/media?parent=24691"}],"curies":[{"name":"wp","href":"https:\/\/api.w.org\/{rel}","templated":true}]}}