{"id":22799,"date":"2023-04-10T12:05:27","date_gmt":"2023-04-10T12:05:27","guid":{"rendered":"https:\/\/www.hancockhealth.org\/?page_id=22799"},"modified":"2024-01-08T18:30:50","modified_gmt":"2024-01-08T18:30:50","slug":"volunteer-opportunities","status":"publish","type":"page","link":"https:\/\/www.hancockhealth.org\/fr\/about\/volunteer-opportunities\/","title":{"rendered":"B\u00e9n\u00e9voles"},"content":{"rendered":"<section id=\"block-block_4973b14eaa423ccb508e2550ebd20f4e\" class=\"wdm-image-content-hero-block  alignleft\" style=\"  padding-top: ;   padding-bottom: ;   margin-top: ;   margin-bottom: ;\">\n\n    <div class=\"container mx-auto\">\n\n        <div class=\"image-content-hero-wrapper\">\n\n            <div class=\"content-wrapper\">\n                            <h1 class=\"h2 han-barlow-xbold\">DEVENEZ B\u00c9N\u00c9VOLE AVEC NOUS<\/h1>\n              <p>Les b\u00e9n\u00e9voles jouent un r\u00f4le crucial dans notre capacit\u00e9 \u00e0 fournir des services de sant\u00e9 de qualit\u00e9. En faisant don de votre temps et de votre talent, vous constituez un pont important entre la communaut\u00e9 et Hancock Health.<\/p>\n              <div class=\"button-wrapper\">\n                                <a href=\"https:\/\/www.volgistics.com\/appform\/1792593175\" class=\"han-btn with-chevron\">Postuler en ligne<\/a>\n                                              <\/div>\n              <div class=\"content-border\" style=\"margin:1.875rem auto;width:100%;height:1px;background-color:#d0d0d0;margin-bottom:1.875rem;\"><\/div>                            <div class=\"button-wrapper phone-cta\">\n                <a class=\"phone-cta-wrapper\" href=\"tel:+3174684729\" title=\"\">\n                  <svg xmlns=\"http:\/\/www.w3.org\/2000\/svg\" width=\"43.2\" height=\"42.761\" viewbox=\"0 0 43.2 42.761\">\n    <g data-name=\"phone icon\">\n        <ellipse cx=\"21.6\" cy=\"21.38\" rx=\"21.6\" ry=\"21.38\" style=\"fill:#1b8dcd\"\/>\n        <path d=\"M0 1.135A1.142 1.142 0 0 1 1.15 0h2.476A1.146 1.146 0 0 1 4.76.948l.85 5.034a1.131 1.131 0 0 1-.62 1.2l-1.78.878a12.609 12.609 0 0 0 7.02 6.927l.89-1.757a1.154 1.154 0 0 1 1.218-.612l5.1.839a1.139 1.139 0 0 1 .961 1.119v2.443a1.142 1.142 0 0 1-1.15 1.135h-2.3A14.852 14.852 0 0 1 0 3.4z\" style=\"fill:#fff\" transform=\"translate(12.4 11.115)\"\/>\n    <\/g>\n<\/svg>\n                  <div class=\"phone-cta-content\">\n                    <span>(317) 468-4729<\/span>\n                    <p><\/p>\n                  <\/div>\n                <\/a>\n              <\/div>\n              \n            <\/div>\n\n                        <div class=\"image-wrapper\">\n                <img decoding=\"async\" src=\"https:\/\/www.hancockhealth.org\/wp-content\/uploads\/2023\/10\/image-mask-DSC00286.png\" alt=\"Older women volunteering at front desk\"\/>\n            <\/div>\n            \n        <\/div>\n\n        \n    <\/div>\n\n<\/section> \n\n<div class=\"container mx-auto   wordpress-block wordpress- core-\">\n\n<\/div><div class=\"container mx-auto   wordpress-block wordpress-paragraph core-paragraph\">\n<p><\/p>\n<\/div><div class=\"container mx-auto   wordpress-block wordpress- core-\">\n\n<\/div><div class=\"container mx-auto   wordpress-block wordpress-heading core-heading\">\n<h3 class=\"wp-block-heading\"><strong>AVANTAGES POUR LES B\u00c9N\u00c9VOLES<\/strong><\/h3>\n<\/div><div class=\"container mx-auto   wordpress-block wordpress- core-\">\n\n<\/div><div class=\"container mx-auto   wordpress-block wordpress-paragraph core-paragraph\">\n<p>Nos b\u00e9n\u00e9voles affectent directement le parcours de sant\u00e9 des patients, ajoutant une touche personnelle \u00e0 leurs soins. Il existe de nombreuses bonnes raisons de consacrer votre temps et vos talents au b\u00e9n\u00e9volat, notamment\u00a0:&nbsp;<\/p>\n<\/div><div class=\"container mx-auto   wordpress-block wordpress- core-\">\n\n<\/div><div class=\"container mx-auto   wordpress-block wordpress-list core-list\">\n<ul class=\"wp-block-list\">\n<li>Parking et uniformes gratuits<\/li>\n\n\n\n<li>Vaccins gratuits contre la grippe<\/li>\n\n\n\n<li>One free meal per shift and complimentary beverages<\/li>\n\n\n\n<li>Adh\u00e9sion \u00e0 prix r\u00e9duit aux centres de bien-\u00eatre Hancock<\/li>\n\n\n\n<li>Possibilit\u00e9 de r\u00e9compenses<\/li>\n\n\n\n<li>10% discount in the Gift Shop<\/li>\n\n\n\n<li>Meet new people and build new skills<\/li>\n\n\n\n<li>Scholarship opportunities<\/li>\n<\/ul>\n<\/div><div class=\"container mx-auto   wordpress-block wordpress- core-\">\n\n<\/div><div class=\"container mx-auto   wordpress-block wordpress-paragraph core-paragraph\">\n<p>Le b\u00e9n\u00e9volat vous permet \u00e9galement de rencontrer de nouvelles personnes dans la communaut\u00e9 et d&#039;acqu\u00e9rir des comp\u00e9tences n\u00e9cessaires \u00e0 votre \u00e9volution de carri\u00e8re.&nbsp;<\/p>\n<\/div><div class=\"container mx-auto   wordpress-block wordpress- core-\">\n\n<\/div><div class=\"container mx-auto   wordpress-block wordpress-paragraph core-paragraph\">\n<p>To volunteer with Hancock Health, you need to be at least 15 years of age and commit to at least six months of consistent shifts. <\/p>\n<\/div><div class=\"container mx-auto   wordpress-block wordpress- core-\">\n\n<\/div>\n\n<section id=\"block-block_7e6d4d72a200f9e82e6cfe54d55a0437\" class=\"wdm-card-slider-block  alignleft grey\" style=\"  padding-top: ;   padding-bottom: ;   margin-top: ;   margin-bottom: ;\">\n\n    <div class=\"container mx-auto\">\n\n        <div class=\"card-slider-wrapper\">\n\n            <div class=\"card-slider-heading flex align-bottom justify-between\">\n                <div class=\"card-slider-content\">\n                                        <h3 class=\"han-barlow-xbold uppercase\">DEVENEZ B\u00c9N\u00c9VOLE<\/h3>\n                    <p>Il existe diff\u00e9rentes fa\u00e7ons de s\u2019impliquer chez Hancock Health. Ce ne sont l\u00e0 que quelques-unes des opportunit\u00e9s de b\u00e9n\u00e9volat que nous proposons.<\/p>\n                <\/div>\n                            <\/div>\n\n                        <div class=\"card-slider\">\n\n                        \n\n                <div class=\"card-wrapper\">\n                    <!-- <a href=\"\" class=\"link-wrapper\"><\/a> -->\n                    <div class=\"card-content\">\n                        <a href=\"https:\/\/www.volgistics.com\/appform\/1792593175\"><h5 class=\"han-campton-bold\">B\u00e9n\u00e9voles du bureau d\u2019information<\/h5><\/a>\n                        <p>Servir de r\u00e9ceptionniste dans le hall principal de l&#039;h\u00f4pital, aider \u00e0 diriger les visiteurs vers des zones sp\u00e9cifiques, r\u00e9pondre aux questions g\u00e9n\u00e9rales et r\u00e9partir les transporteurs dans les installations.<\/p>\n                    <\/div>\n                    <div class=\"card-link flex\">\n                        <a href=\"https:\/\/www.volgistics.com\/appform\/1792593175\" class=\"with-chevron link\">Appliquer<\/a>\n                    <\/div>\n                <\/div>\n\n\n                        \n\n                <div class=\"card-wrapper\">\n                    <!-- <a href=\"\" class=\"link-wrapper\"><\/a> -->\n                    <div class=\"card-content\">\n                        <a href=\"https:\/\/www.volgistics.com\/appform\/1792593175\"><h5 class=\"han-campton-bold\">Wheelchair Transporter<\/h5><\/a>\n                        <p>Provide directions, general information and wheelchair transport when needed.<\/p>\n                    <\/div>\n                    <div class=\"card-link flex\">\n                        <a href=\"https:\/\/www.volgistics.com\/appform\/1792593175\" class=\"with-chevron link\">Appliquer<\/a>\n                    <\/div>\n                <\/div>\n\n\n                        \n\n                <div class=\"card-wrapper\">\n                    <!-- <a href=\"\" class=\"link-wrapper\"><\/a> -->\n                    <div class=\"card-content\">\n                        <a href=\"https:\/\/www.volgistics.com\/appform\/1792593175\"><h5 class=\"han-campton-bold\"> Clerical, Mailroom Attendent<\/h5><\/a>\n                        <p>Assist in clerical duties in various departments, sort and delivery mail throughout the hospital. <\/p>\n                    <\/div>\n                    <div class=\"card-link flex\">\n                        <a href=\"https:\/\/www.volgistics.com\/appform\/1792593175\" class=\"with-chevron link\">Appliquer<\/a>\n                    <\/div>\n                <\/div>\n\n\n                \n            <\/div>\n\n\n            <div class=\"card-slider-pagination\">\n                <button class=\"blaze-prev slick-prev\" data-name=\"card-slider\" aria-label=\"Previous card\"><svg xmlns=\"http:\/\/www.w3.org\/2000\/svg\" width=\"43\" height=\"43\" viewbox=\"0 0 43 43\">\n    <path data-name=\"Fill 1\" d=\"M40 20A20 20 0 1 1 20 0a20 20 0 0 1 20 20\" transform=\"translate(1.5 1.5)\" style=\"fill:none;stroke:#ee7623;stroke-width:3px\"\/>\n    <path data-name=\"Path 2635\" d=\"M25.033 18H7.5\" transform=\"translate(5 3.5)\" style=\"stroke-linecap:round;stroke-linejoin:round;fill:none;stroke:#ee7623;stroke-width:3px\"\/>\n    <path data-name=\"Path 2636\" d=\"M26.767 7.5 18 16.5l8.767 9\" transform=\"translate(-5.5 5)\" style=\"stroke-linecap:round;stroke-linejoin:round;fill:none;stroke:#ee7623;stroke-width:3px\"\/>\n<\/svg>\n<\/button>\n                <div class=\"blaze-pagination slick-dots\"><\/div>\n                <button class=\"blaze-next slick-next\" data-name=\"card-slider\" aria-label=\"Next card\"><svg xmlns=\"http:\/\/www.w3.org\/2000\/svg\" width=\"43\" height=\"43\" viewbox=\"0 0 43 43\">\n    <path data-name=\"Fill 1\" d=\"M40 20A20 20 0 1 1 20 0a20 20 0 0 1 20 20\" transform=\"translate(1.5 1.5)\" style=\"fill:none;stroke:#ee7623;stroke-width:3px\"\/>\n    <path data-name=\"Path 2635\" d=\"M7.5 18h16.813\" transform=\"translate(5 3.5)\" style=\"stroke-linecap:round;stroke-linejoin:round;fill:none;stroke:#ee7623;stroke-width:3px\"\/>\n    <path data-name=\"Path 2636\" d=\"m18 7.5 8.407 9-8.407 9\" transform=\"translate(2.907 5)\" style=\"stroke-linecap:round;stroke-linejoin:round;fill:none;stroke:#ee7623;stroke-width:3px\"\/>\n<\/svg>\n<\/button>\n            <\/div>\n            \n            \n            \n        <\/div>\n\n    <\/div>\n\n<\/section>\n\n<div class=\"container mx-auto   wordpress-block wordpress- core-\">\n\n<\/div><section id=\"block-block_3279abf01e5a01032d81d3f76651fc07\" class=\"image-cta-banner-block blue left  alignleft\" style=\"  padding-top: ;   padding-bottom: ;   margin-top: ;   margin-bottom: ;  background-image:url(https:\/\/www.hancockhealth.org\/wp-content\/uploads\/2023\/08\/pattern-gradient-white.png);\">\n\n    <div class=\"container mx-auto\">\n\n        <div class=\"image-cta-banner flex large\">\n\n                        <div class=\"image-wrapper\">\n                <img decoding=\"async\" src=\"https:\/\/www.hancockhealth.org\/wp-content\/uploads\/2023\/08\/image-mask-gettyimages-1369214767-1024x1024-1.png\" alt=\"woman looking at Hancock Health logo on mobile phone\"\/>\n            <\/div>\n            \n            <div class=\"content-wrapper\">\n                                <h3 class=\"han-barlow-xbold\">DEMANDEZ DEVENIR B\u00c9N\u00c9VOLE AUJOURD&#039;HUI\u00a0!<\/h3>\n                <p>Rejoignez notre r\u00e9seau de plus de 350 b\u00e9n\u00e9voles annuels. Les nouveaux b\u00e9n\u00e9voles sont invit\u00e9s \u00e0 suivre une s\u00e9ance d&#039;orientation \u00e0 l&#039;h\u00f4pital et re\u00e7oivent une formation individuelle. Appelez le (317) 468-4729 pour commencer.<\/p>\n                <div class=\"button-wrapper\">\n                                                    <\/div>\n            <\/div>\n\n        <\/div>\n\n    <\/div>\n\n<\/section>\n\n<div class=\"container mx-auto   wordpress-block wordpress- core-\">\n\n<\/div><section id=\"block-block_4efefaf0a8fc42527cbd98ebd0a1e67a\" class=\"image-cta-banner-block light-blue left  aligncenter\" style=\"  padding-top: ;   padding-bottom: ;   margin-top: ;   margin-bottom: ;  background-image:url(https:\/\/www.hancockhealth.org\/wp-content\/uploads\/2023\/04\/pattern.png);\">\n\n    <div class=\"container mx-auto\">\n\n        <div class=\"image-cta-banner flex small\">\n\n            \n            <div class=\"content-wrapper\">\n                                <h2 class=\"han-barlow-xbold\">SOUTENEZ LA FONDATION<\/h2>\n                <p>Nous pensons que tout le monde m\u00e9rite d\u2019avoir acc\u00e8s aux services de sant\u00e9 de base. Si vous \u00eates d\u2019accord, envisagez de faire un don de soutien d\u00e9ductible des imp\u00f4ts ou de rejoindre les Patrons of Health\u00a0: un groupe s\u00e9lectionn\u00e9 de r\u00e9sidents locaux dont les contributions annuelles renforcent la r\u00e9gion qui nous entoure.<\/p>\n                <div class=\"button-wrapper\">\n                                    <a href=\"https:\/\/www.hancockhealth.org\/fr\/about\/foundation\/#donationform\" class=\"han-btn with-chevron\">Donnez aujourd&#039;hui<\/a>\n                                                    <\/div>\n            <\/div>\n\n        <\/div>\n\n    <\/div>\n\n<\/section>","protected":false},"excerpt":{"rendered":"<p>Volunteers play a crucial role in our ability to provide quality healthcare services.<\/p>","protected":false},"author":6,"featured_media":0,"parent":22781,"menu_order":40,"comment_status":"closed","ping_status":"closed","template":"","meta":{"_acf_changed":false,"_tec_requires_first_save":true,"_EventAllDay":false,"_EventTimezone":"","_EventStartDate":"","_EventEndDate":"","_EventStartDateUTC":"","_EventEndDateUTC":"","_EventShowMap":false,"_EventShowMapLink":false,"_EventURL":"","_EventCost":"","_EventCostDescription":"","_EventCurrencySymbol":"","_EventCurrencyCode":"","_EventCurrencyPosition":"","_EventDateTimeSeparator":"","_EventTimeRangeSeparator":"","_EventOrganizerID":[],"_EventVenueID":[],"_OrganizerEmail":"","_OrganizerPhone":"","_OrganizerWebsite":"","_VenueAddress":"","_VenueCity":"","_VenueCountry":"","_VenueProvince":"","_VenueState":"","_VenueZip":"","_VenuePhone":"","_VenueURL":"","_VenueStateProvince":"","_VenueLat":"","_VenueLng":"","_VenueShowMap":false,"_VenueShowMapLink":false,"_tribe_blocks_recurrence_rules":"","_tribe_blocks_recurrence_description":"","_tribe_blocks_recurrence_exclusions":"","footnotes":""},"class_list":["post-22799","page","type-page","status-publish","hentry"],"acf":[],"yoast_head":"<!-- This site is optimized with the Yoast SEO plugin v27.3 - https:\/\/yoast.com\/product\/yoast-seo-wordpress\/ -->\n<title>Volunteers - Hancock Health<\/title>\n<meta name=\"description\" content=\"Volunteer with Hancock Health and help make health possible in your community.\" \/>\n<meta name=\"robots\" content=\"index, follow, max-snippet:-1, max-image-preview:large, max-video-preview:-1\" \/>\n<link rel=\"canonical\" href=\"https:\/\/www.hancockhealth.org\/fr\/about\/volunteer-opportunities\/\" \/>\n<meta property=\"og:locale\" content=\"fr_FR\" \/>\n<meta property=\"og:type\" content=\"article\" \/>\n<meta property=\"og:title\" content=\"Volunteers - Hancock Health\" \/>\n<meta property=\"og:description\" content=\"Volunteer with Hancock Health and help make health possible in your community.\" \/>\n<meta property=\"og:url\" content=\"https:\/\/www.hancockhealth.org\/fr\/about\/volunteer-opportunities\/\" \/>\n<meta property=\"og:site_name\" content=\"Hancock Health\" \/>\n<meta property=\"article:modified_time\" content=\"2024-01-08T18:30:50+00:00\" \/>\n<meta name=\"twitter:card\" content=\"summary_large_image\" \/>\n<meta name=\"twitter:label1\" content=\"Dur\u00e9e de lecture estim\u00e9e\" \/>\n\t<meta name=\"twitter:data1\" content=\"3 minutes\" \/>\n<script type=\"application\/ld+json\" class=\"yoast-schema-graph\">{\"@context\":\"https:\\\/\\\/schema.org\",\"@graph\":[{\"@type\":\"WebPage\",\"@id\":\"https:\\\/\\\/www.hancockhealth.org\\\/about\\\/volunteer-opportunities\\\/\",\"url\":\"https:\\\/\\\/www.hancockhealth.org\\\/about\\\/volunteer-opportunities\\\/\",\"name\":\"Volunteers - Hancock Health\",\"isPartOf\":{\"@id\":\"https:\\\/\\\/www.hancockhealth.org\\\/#website\"},\"datePublished\":\"2023-04-10T12:05:27+00:00\",\"dateModified\":\"2024-01-08T18:30:50+00:00\",\"description\":\"Volunteer with Hancock Health and help make health possible in your community.\",\"breadcrumb\":{\"@id\":\"https:\\\/\\\/www.hancockhealth.org\\\/about\\\/volunteer-opportunities\\\/#breadcrumb\"},\"inLanguage\":\"fr-FR\",\"potentialAction\":[{\"@type\":\"ReadAction\",\"target\":[\"https:\\\/\\\/www.hancockhealth.org\\\/about\\\/volunteer-opportunities\\\/\"]}]},{\"@type\":\"BreadcrumbList\",\"@id\":\"https:\\\/\\\/www.hancockhealth.org\\\/about\\\/volunteer-opportunities\\\/#breadcrumb\",\"itemListElement\":[{\"@type\":\"ListItem\",\"position\":1,\"name\":\"Home\",\"item\":\"https:\\\/\\\/www.hancockhealth.org\\\/\"},{\"@type\":\"ListItem\",\"position\":2,\"name\":\"About Us\",\"item\":\"https:\\\/\\\/www.hancockhealth.org\\\/about\\\/\"},{\"@type\":\"ListItem\",\"position\":3,\"name\":\"Volunteers\"}]},{\"@type\":\"WebSite\",\"@id\":\"https:\\\/\\\/www.hancockhealth.org\\\/#website\",\"url\":\"https:\\\/\\\/www.hancockhealth.org\\\/\",\"name\":\"Hancock Health\",\"description\":\"Explore a health network built around you.\",\"potentialAction\":[{\"@type\":\"SearchAction\",\"target\":{\"@type\":\"EntryPoint\",\"urlTemplate\":\"https:\\\/\\\/www.hancockhealth.org\\\/?s={search_term_string}\"},\"query-input\":{\"@type\":\"PropertyValueSpecification\",\"valueRequired\":true,\"valueName\":\"search_term_string\"}}],\"inLanguage\":\"fr-FR\"}]}<\/script>\n<!-- \/ Yoast SEO plugin. -->","yoast_head_json":{"title":"Volunteers - Hancock Health","description":"Volunteer with Hancock Health and help make health possible in your community.","robots":{"index":"index","follow":"follow","max-snippet":"max-snippet:-1","max-image-preview":"max-image-preview:large","max-video-preview":"max-video-preview:-1"},"canonical":"https:\/\/www.hancockhealth.org\/fr\/about\/volunteer-opportunities\/","og_locale":"fr_FR","og_type":"article","og_title":"Volunteers - Hancock Health","og_description":"Volunteer with Hancock Health and help make health possible in your community.","og_url":"https:\/\/www.hancockhealth.org\/fr\/about\/volunteer-opportunities\/","og_site_name":"Hancock Health","article_modified_time":"2024-01-08T18:30:50+00:00","twitter_card":"summary_large_image","twitter_misc":{"Dur\u00e9e de lecture estim\u00e9e":"3 minutes"},"schema":{"@context":"https:\/\/schema.org","@graph":[{"@type":"WebPage","@id":"https:\/\/www.hancockhealth.org\/about\/volunteer-opportunities\/","url":"https:\/\/www.hancockhealth.org\/about\/volunteer-opportunities\/","name":"Volunteers - Hancock Health","isPartOf":{"@id":"https:\/\/www.hancockhealth.org\/#website"},"datePublished":"2023-04-10T12:05:27+00:00","dateModified":"2024-01-08T18:30:50+00:00","description":"Volunteer with Hancock Health and help make health possible in your community.","breadcrumb":{"@id":"https:\/\/www.hancockhealth.org\/about\/volunteer-opportunities\/#breadcrumb"},"inLanguage":"fr-FR","potentialAction":[{"@type":"ReadAction","target":["https:\/\/www.hancockhealth.org\/about\/volunteer-opportunities\/"]}]},{"@type":"BreadcrumbList","@id":"https:\/\/www.hancockhealth.org\/about\/volunteer-opportunities\/#breadcrumb","itemListElement":[{"@type":"ListItem","position":1,"name":"Home","item":"https:\/\/www.hancockhealth.org\/"},{"@type":"ListItem","position":2,"name":"About Us","item":"https:\/\/www.hancockhealth.org\/about\/"},{"@type":"ListItem","position":3,"name":"Volunteers"}]},{"@type":"WebSite","@id":"https:\/\/www.hancockhealth.org\/#website","url":"https:\/\/www.hancockhealth.org\/","name":"Sant\u00e9 Hancock","description":"Explore a health network built around you.","potentialAction":[{"@type":"SearchAction","target":{"@type":"EntryPoint","urlTemplate":"https:\/\/www.hancockhealth.org\/?s={search_term_string}"},"query-input":{"@type":"PropertyValueSpecification","valueRequired":true,"valueName":"search_term_string"}}],"inLanguage":"fr-FR"}]}},"_links":{"self":[{"href":"https:\/\/www.hancockhealth.org\/fr\/wp-json\/wp\/v2\/pages\/22799","targetHints":{"allow":["GET"]}}],"collection":[{"href":"https:\/\/www.hancockhealth.org\/fr\/wp-json\/wp\/v2\/pages"}],"about":[{"href":"https:\/\/www.hancockhealth.org\/fr\/wp-json\/wp\/v2\/types\/page"}],"author":[{"embeddable":true,"href":"https:\/\/www.hancockhealth.org\/fr\/wp-json\/wp\/v2\/users\/6"}],"replies":[{"embeddable":true,"href":"https:\/\/www.hancockhealth.org\/fr\/wp-json\/wp\/v2\/comments?post=22799"}],"version-history":[{"count":0,"href":"https:\/\/www.hancockhealth.org\/fr\/wp-json\/wp\/v2\/pages\/22799\/revisions"}],"up":[{"embeddable":true,"href":"https:\/\/www.hancockhealth.org\/fr\/wp-json\/wp\/v2\/pages\/22781"}],"wp:attachment":[{"href":"https:\/\/www.hancockhealth.org\/fr\/wp-json\/wp\/v2\/media?parent=22799"}],"curies":[{"name":"wp","href":"https:\/\/api.w.org\/{rel}","templated":true}]}}