{"id":22803,"date":"2023-04-10T12:06:15","date_gmt":"2023-04-10T12:06:15","guid":{"rendered":"https:\/\/www.hancockhealth.org\/?page_id=22803"},"modified":"2023-08-23T19:47:17","modified_gmt":"2023-08-23T19:47:17","slug":"events-news","status":"publish","type":"page","link":"https:\/\/www.hancockhealth.org\/es\/about\/events-news\/","title":{"rendered":"Eventos y noticias"},"content":{"rendered":"<div style=\"height:40px\" aria-hidden=\"true\" class=\"wp-block-spacer\"><\/div>\n<div class=\"container mx-auto   wordpress-block wordpress- core-\">\n\n<\/div><div class=\"container mx-auto   wordpress-block wordpress-heading core-heading\">\n<h2 class=\"wp-block-heading\">Eventos y noticias<\/h2>\n<\/div><div class=\"container mx-auto   wordpress-block wordpress- core-\">\n\n<\/div><div class=\"container mx-auto   wordpress-block wordpress-paragraph core-paragraph\">\n<p>Mant\u00e9ngase actualizado sobre las \u00faltimas noticias y anuncios de Hancock Health.&nbsp;<\/p>\n<\/div><div class=\"container mx-auto   wordpress-block wordpress- core-\">\n\n<\/div>\n<section id=\"block-block_a9270fcede6eda796b5d880d20218b6a\" class=\"wdm-upcoming-events-block    alignleft\" style=\"  padding-top: ;   padding-bottom: ;   margin-top: ;   margin-bottom: ;\">\n\n  <div class=\"container mx-auto\">\n\n    <div class=\"upcoming-events-heading-wrapper\">\n      <h3 class=\"han-barlow-xbold\">Pr\u00f3ximos Eventos<\/h3>\n      <a href=\"\/es\/events\/\" class=\"with-chevron\">Ver todos los eventos<\/a>\n    <\/div>\n\n        <div class=\"upcoming-event-wrapper\">\n\n      <div class=\"upcoming-event-content-wrapper\">\n\n        <div class=\"upcoming-event-date\">\n          <span class=\"month han-campton-bold\">Puede<\/span>\n          <span class=\"day han-campton-bold\">5<\/span>\n        <\/div>\n  \n        <div class=\"upcoming-event-content\">\n  \n          <div class=\"upcoming-event-date-time\">\n  \n            <span class=\"month han-campton-book\">mayonesa<\/span>\n            <span class=\"day han-campton-book\">5<\/span> @\n            <span class=\"start-time  han-campton-book\">10:30 am<\/span> &#8211; \n            <span class=\"end-time  han-campton-book\">11:30 am<\/span>\n  \n          <\/div>\n  \n          <a href=\"https:\/\/www.hancockhealth.org\/es\/event\/breastfeeding-support-group-2\/2026-05-05\/\"><h5>Breastfeeding Support Group<\/h5><\/a>\n  \n          <div class=\"event-venue-address\"><span class=\"han-campton-bold\">Hospital Regional Hancock<\/span>&nbsp;&nbsp;<span>801 N. State St., Greenfield, IN<\/span><\/div>          <p>Meet other breastfeeding moms in a FREE fun and informal environment. No appointment necessary; just drop in if you are nursing.<\/p>\n          <a href=\"https:\/\/www.hancockhealth.org\/es\/event\/breastfeeding-support-group-2\/2026-05-05\/\" class=\"with-chevron\">Ver detalles<\/a>\n  \n        <\/div>\n\n              <\/div>\n\n\n    <\/div>\n        <div class=\"upcoming-event-wrapper\">\n\n      <div class=\"upcoming-event-content-wrapper\">\n\n        <div class=\"upcoming-event-date\">\n          <span class=\"month han-campton-bold\">Puede<\/span>\n          <span class=\"day han-campton-bold\">7<\/span>\n        <\/div>\n  \n        <div class=\"upcoming-event-content\">\n  \n          <div class=\"upcoming-event-date-time\">\n  \n            <span class=\"month han-campton-book\">mayonesa<\/span>\n            <span class=\"day han-campton-book\">7<\/span> @\n            <span class=\"start-time  han-campton-book\">08:30 am<\/span> &#8211; \n            <span class=\"end-time  han-campton-book\">13:00<\/span>\n  \n          <\/div>\n  \n          <a href=\"https:\/\/www.hancockhealth.org\/es\/event\/cpr-for-healthcare-providers-bls-class-4\/2026-05-07\/\"><h5>Clase de RCP para proveedores de atenci\u00f3n m\u00e9dica (BLS)<\/h5><\/a>\n  \n          <div class=\"event-venue-address\"><span class=\"han-campton-bold\">Hospital Regional Hancock<\/span>&nbsp;&nbsp;<span>801 N. State St., Greenfield, IN<\/span><\/div>          <p>Esta clase est\u00e1 dise\u00f1ada para personal de EMS, m\u00e9dicos, asistentes de consultorio m\u00e9dico, dentistas, enfermeras y terapeutas respiratorios.<\/p>\n          <a href=\"https:\/\/www.hancockhealth.org\/es\/event\/cpr-for-healthcare-providers-bls-class-4\/2026-05-07\/\" class=\"with-chevron\">Ver detalles<\/a>\n  \n        <\/div>\n\n              <\/div>\n\n\n    <\/div>\n    \n  <\/div>\n\n<\/section>\n\n<div class=\"container mx-auto   wordpress-block wordpress- core-\">\n\n<\/div>\n\n<section id=\"block-block_d0e879853556fc08da7aeaa701dae9bd\" class=\"wdm-latest-news-block  alignleft\" style=\"  padding-top: ;   padding-bottom: ;   margin-top: ;   margin-bottom: ;\">\n\n    <div class=\"container mx-auto\">\n\n        <div class=\"latest-news-heading-wrapper\">\n            <h3 class=\"han-barlow-xbold\">\u00daltimas noticias<\/h3>\n            <a href=\"\/es\/about\/events-news\/news\/\" class=\"with-chevron\">Ver todas las noticias<\/a>\n        <\/div>\n\n        \n        <div class=\"latest-news-wrapper\">\n            <div class=\"latest-news-date\">\n                <span class=\"month han-campton-bold\">Abr<\/span>\n                <span class=\"day han-campton-bold\">30<\/span>\n            <\/div>\n\n            <div class=\"latest-news-content\">\n\n                <div class=\"latest-news-category\">\n                    <a href=\"https:\/\/www.hancockhealth.org\/es\/category\/news\/\" class=\"han-tag news-tag\">Noticias<\/a>\n                    <span class=\"date han-campton-med\">April 30, 2026<\/span>\n                <\/div>\n\n                <a href=\"https:\/\/www.hancockhealth.org\/es\/2026\/04\/hancock-health-celebrates-one-year-as-milk-bank-express-site-expands-access-to-lifesaving-donor-milk\/\"><h5>Hancock Health Celebrates One Year as Milk Bank Express Site, Expands Access to Lifesaving Donor Milk<\/h5><\/a>\n                <p>Hancock Health, a designated Baby-Friendly hospital, recently celebrated one year as a Milk Bank Express Site in partnership with The Milk Bank, expanding access to lifesaving human donor milk for families across east-central Indiana.<\/p>\n                <a href=\"https:\/\/www.hancockhealth.org\/es\/2026\/04\/hancock-health-celebrates-one-year-as-milk-bank-express-site-expands-access-to-lifesaving-donor-milk\/\" class=\"with-chevron\">Sigue leyendo<\/a>\n\n            <\/div>\n\n        <\/div>\n\n        \n        <div class=\"latest-news-wrapper\">\n            <div class=\"latest-news-date\">\n                <span class=\"month han-campton-bold\">Abr<\/span>\n                <span class=\"day han-campton-bold\">21<\/span>\n            <\/div>\n\n            <div class=\"latest-news-content\">\n\n                <div class=\"latest-news-category\">\n                    <a href=\"https:\/\/www.hancockhealth.org\/es\/category\/news\/\" class=\"han-tag news-tag\">Noticias<\/a>\n                    <span class=\"date han-campton-med\">April 21, 2026<\/span>\n                <\/div>\n\n                <a href=\"https:\/\/www.hancockhealth.org\/es\/2026\/04\/preventative-health-for-men-begins-with-testicular-cancer-awareness\/\"><h5>Preventative Health for Men Begins with Testicular Cancer Awareness<\/h5><\/a>\n                <p>We get it\u2014prioritizing preventative care can be hard, especially if you feel relatively good and have a busy schedule. Yet, for men, testicular cancer, while relatively rare compared to other cancers, is the most common cancer in males ages 15 to 35.\u00a0\u00a0<\/p>\n                <a href=\"https:\/\/www.hancockhealth.org\/es\/2026\/04\/preventative-health-for-men-begins-with-testicular-cancer-awareness\/\" class=\"with-chevron\">Sigue leyendo<\/a>\n\n            <\/div>\n\n        <\/div>\n\n                \n    <\/div>\n\n<\/section>","protected":false},"excerpt":{"rendered":"<p>Browse news articles and current events related to Hancock Health.<\/p>","protected":false},"author":6,"featured_media":0,"parent":22781,"menu_order":60,"comment_status":"closed","ping_status":"closed","template":"","meta":{"_acf_changed":false,"_tec_requires_first_save":true,"_EventAllDay":false,"_EventTimezone":"","_EventStartDate":"","_EventEndDate":"","_EventStartDateUTC":"","_EventEndDateUTC":"","_EventShowMap":false,"_EventShowMapLink":false,"_EventURL":"","_EventCost":"","_EventCostDescription":"","_EventCurrencySymbol":"","_EventCurrencyCode":"","_EventCurrencyPosition":"","_EventDateTimeSeparator":"","_EventTimeRangeSeparator":"","_EventOrganizerID":[],"_EventVenueID":[],"_OrganizerEmail":"","_OrganizerPhone":"","_OrganizerWebsite":"","_VenueAddress":"","_VenueCity":"","_VenueCountry":"","_VenueProvince":"","_VenueState":"","_VenueZip":"","_VenuePhone":"","_VenueURL":"","_VenueStateProvince":"","_VenueLat":"","_VenueLng":"","_VenueShowMap":false,"_VenueShowMapLink":false,"_tribe_blocks_recurrence_rules":"","_tribe_blocks_recurrence_description":"","_tribe_blocks_recurrence_exclusions":"","footnotes":""},"class_list":["post-22803","page","type-page","status-publish","hentry"],"acf":[],"yoast_head":"<!-- This site is optimized with the Yoast SEO plugin v27.3 - https:\/\/yoast.com\/product\/yoast-seo-wordpress\/ -->\n<title>Events and News - Hancock Health<\/title>\n<meta name=\"description\" content=\"Explore the latest news and events related to Hancock Health Network, Hancock Regional Hospital, Hancock Health Foundation, and more.\" \/>\n<meta name=\"robots\" content=\"index, follow, max-snippet:-1, max-image-preview:large, max-video-preview:-1\" \/>\n<link rel=\"canonical\" href=\"https:\/\/www.hancockhealth.org\/es\/about\/events-news\/\" \/>\n<meta property=\"og:locale\" content=\"es_MX\" \/>\n<meta property=\"og:type\" content=\"article\" \/>\n<meta property=\"og:title\" content=\"Events and News - Hancock Health\" \/>\n<meta property=\"og:description\" content=\"Explore the latest news and events related to Hancock Health Network, Hancock Regional Hospital, Hancock Health Foundation, and more.\" \/>\n<meta property=\"og:url\" content=\"https:\/\/www.hancockhealth.org\/es\/about\/events-news\/\" \/>\n<meta property=\"og:site_name\" content=\"Hancock Health\" \/>\n<meta property=\"article:modified_time\" content=\"2023-08-23T19:47:17+00:00\" \/>\n<meta name=\"twitter:card\" content=\"summary_large_image\" \/>\n<meta name=\"twitter:label1\" content=\"Tiempo de lectura\" \/>\n\t<meta name=\"twitter:data1\" content=\"1 minuto\" \/>\n<script type=\"application\/ld+json\" class=\"yoast-schema-graph\">{\"@context\":\"https:\\\/\\\/schema.org\",\"@graph\":[{\"@type\":\"NewsArticle\",\"@id\":\"https:\\\/\\\/www.hancockhealth.org\\\/about\\\/events-news\\\/#article\",\"isPartOf\":{\"@id\":\"https:\\\/\\\/www.hancockhealth.org\\\/about\\\/events-news\\\/\"},\"author\":{\"name\":\"Hancock Health\",\"@id\":\"https:\\\/\\\/www.hancockhealth.org\\\/#\\\/schema\\\/person\\\/4a521e11663cb6140509917750b84f29\"},\"headline\":\"Events &#038; News\",\"datePublished\":\"2023-04-10T12:06:15+00:00\",\"dateModified\":\"2023-08-23T19:47:17+00:00\",\"mainEntityOfPage\":{\"@id\":\"https:\\\/\\\/www.hancockhealth.org\\\/about\\\/events-news\\\/\"},\"wordCount\":17,\"inLanguage\":\"es\"},{\"@type\":[\"WebPage\",\"SearchResultsPage\"],\"@id\":\"https:\\\/\\\/www.hancockhealth.org\\\/about\\\/events-news\\\/\",\"url\":\"https:\\\/\\\/www.hancockhealth.org\\\/about\\\/events-news\\\/\",\"name\":\"Events and News - Hancock Health\",\"isPartOf\":{\"@id\":\"https:\\\/\\\/www.hancockhealth.org\\\/#website\"},\"datePublished\":\"2023-04-10T12:06:15+00:00\",\"dateModified\":\"2023-08-23T19:47:17+00:00\",\"description\":\"Explore the latest news and events related to Hancock Health Network, Hancock Regional Hospital, Hancock Health Foundation, and more.\",\"breadcrumb\":{\"@id\":\"https:\\\/\\\/www.hancockhealth.org\\\/about\\\/events-news\\\/#breadcrumb\"},\"inLanguage\":\"es\",\"potentialAction\":[{\"@type\":\"ReadAction\",\"target\":[\"https:\\\/\\\/www.hancockhealth.org\\\/about\\\/events-news\\\/\"]}]},{\"@type\":\"BreadcrumbList\",\"@id\":\"https:\\\/\\\/www.hancockhealth.org\\\/about\\\/events-news\\\/#breadcrumb\",\"itemListElement\":[{\"@type\":\"ListItem\",\"position\":1,\"name\":\"Home\",\"item\":\"https:\\\/\\\/www.hancockhealth.org\\\/\"},{\"@type\":\"ListItem\",\"position\":2,\"name\":\"About Us\",\"item\":\"https:\\\/\\\/www.hancockhealth.org\\\/about\\\/\"},{\"@type\":\"ListItem\",\"position\":3,\"name\":\"Events &#038; News\"}]},{\"@type\":\"WebSite\",\"@id\":\"https:\\\/\\\/www.hancockhealth.org\\\/#website\",\"url\":\"https:\\\/\\\/www.hancockhealth.org\\\/\",\"name\":\"Hancock Health\",\"description\":\"Explore a health network built around you.\",\"potentialAction\":[{\"@type\":\"SearchAction\",\"target\":{\"@type\":\"EntryPoint\",\"urlTemplate\":\"https:\\\/\\\/www.hancockhealth.org\\\/?s={search_term_string}\"},\"query-input\":{\"@type\":\"PropertyValueSpecification\",\"valueRequired\":true,\"valueName\":\"search_term_string\"}}],\"inLanguage\":\"es\"},{\"@type\":\"Person\",\"@id\":\"https:\\\/\\\/www.hancockhealth.org\\\/#\\\/schema\\\/person\\\/4a521e11663cb6140509917750b84f29\",\"name\":\"Hancock Health\",\"image\":{\"@type\":\"ImageObject\",\"inLanguage\":\"es\",\"@id\":\"https:\\\/\\\/secure.gravatar.com\\\/avatar\\\/78b0dd8010b9f69cbcdd2ebed3fd0b118692583281ef9eb3872425134f6c408b?s=96&d=mm&r=g\",\"url\":\"https:\\\/\\\/secure.gravatar.com\\\/avatar\\\/78b0dd8010b9f69cbcdd2ebed3fd0b118692583281ef9eb3872425134f6c408b?s=96&d=mm&r=g\",\"contentUrl\":\"https:\\\/\\\/secure.gravatar.com\\\/avatar\\\/78b0dd8010b9f69cbcdd2ebed3fd0b118692583281ef9eb3872425134f6c408b?s=96&d=mm&r=g\",\"caption\":\"Hancock Health\"},\"url\":\"https:\\\/\\\/www.hancockhealth.org\\\/es\\\/author\\\/hancockhealth\\\/\"}]}<\/script>\n<!-- \/ Yoast SEO plugin. -->","yoast_head_json":{"title":"Events and News - Hancock Health","description":"Explore the latest news and events related to Hancock Health Network, Hancock Regional Hospital, Hancock Health Foundation, and more.","robots":{"index":"index","follow":"follow","max-snippet":"max-snippet:-1","max-image-preview":"max-image-preview:large","max-video-preview":"max-video-preview:-1"},"canonical":"https:\/\/www.hancockhealth.org\/es\/about\/events-news\/","og_locale":"es_MX","og_type":"article","og_title":"Events and News - Hancock Health","og_description":"Explore the latest news and events related to Hancock Health Network, Hancock Regional Hospital, Hancock Health Foundation, and more.","og_url":"https:\/\/www.hancockhealth.org\/es\/about\/events-news\/","og_site_name":"Hancock Health","article_modified_time":"2023-08-23T19:47:17+00:00","twitter_card":"summary_large_image","twitter_misc":{"Tiempo de lectura":"1 minuto"},"schema":{"@context":"https:\/\/schema.org","@graph":[{"@type":"NewsArticle","@id":"https:\/\/www.hancockhealth.org\/about\/events-news\/#article","isPartOf":{"@id":"https:\/\/www.hancockhealth.org\/about\/events-news\/"},"author":{"name":"Hancock Health","@id":"https:\/\/www.hancockhealth.org\/#\/schema\/person\/4a521e11663cb6140509917750b84f29"},"headline":"Events &#038; News","datePublished":"2023-04-10T12:06:15+00:00","dateModified":"2023-08-23T19:47:17+00:00","mainEntityOfPage":{"@id":"https:\/\/www.hancockhealth.org\/about\/events-news\/"},"wordCount":17,"inLanguage":"es"},{"@type":["WebPage","SearchResultsPage"],"@id":"https:\/\/www.hancockhealth.org\/about\/events-news\/","url":"https:\/\/www.hancockhealth.org\/about\/events-news\/","name":"Events and News - Hancock Health","isPartOf":{"@id":"https:\/\/www.hancockhealth.org\/#website"},"datePublished":"2023-04-10T12:06:15+00:00","dateModified":"2023-08-23T19:47:17+00:00","description":"Explore the latest news and events related to Hancock Health Network, Hancock Regional Hospital, Hancock Health Foundation, and more.","breadcrumb":{"@id":"https:\/\/www.hancockhealth.org\/about\/events-news\/#breadcrumb"},"inLanguage":"es","potentialAction":[{"@type":"ReadAction","target":["https:\/\/www.hancockhealth.org\/about\/events-news\/"]}]},{"@type":"BreadcrumbList","@id":"https:\/\/www.hancockhealth.org\/about\/events-news\/#breadcrumb","itemListElement":[{"@type":"ListItem","position":1,"name":"Home","item":"https:\/\/www.hancockhealth.org\/"},{"@type":"ListItem","position":2,"name":"About Us","item":"https:\/\/www.hancockhealth.org\/about\/"},{"@type":"ListItem","position":3,"name":"Events &#038; News"}]},{"@type":"WebSite","@id":"https:\/\/www.hancockhealth.org\/#website","url":"https:\/\/www.hancockhealth.org\/","name":"Salud Hancock","description":"Explore a health network built around you.","potentialAction":[{"@type":"SearchAction","target":{"@type":"EntryPoint","urlTemplate":"https:\/\/www.hancockhealth.org\/?s={search_term_string}"},"query-input":{"@type":"PropertyValueSpecification","valueRequired":true,"valueName":"search_term_string"}}],"inLanguage":"es"},{"@type":"Person","@id":"https:\/\/www.hancockhealth.org\/#\/schema\/person\/4a521e11663cb6140509917750b84f29","name":"Salud Hancock","image":{"@type":"ImageObject","inLanguage":"es","@id":"https:\/\/secure.gravatar.com\/avatar\/78b0dd8010b9f69cbcdd2ebed3fd0b118692583281ef9eb3872425134f6c408b?s=96&d=mm&r=g","url":"https:\/\/secure.gravatar.com\/avatar\/78b0dd8010b9f69cbcdd2ebed3fd0b118692583281ef9eb3872425134f6c408b?s=96&d=mm&r=g","contentUrl":"https:\/\/secure.gravatar.com\/avatar\/78b0dd8010b9f69cbcdd2ebed3fd0b118692583281ef9eb3872425134f6c408b?s=96&d=mm&r=g","caption":"Hancock Health"},"url":"https:\/\/www.hancockhealth.org\/es\/author\/hancockhealth\/"}]}},"_links":{"self":[{"href":"https:\/\/www.hancockhealth.org\/es\/wp-json\/wp\/v2\/pages\/22803","targetHints":{"allow":["GET"]}}],"collection":[{"href":"https:\/\/www.hancockhealth.org\/es\/wp-json\/wp\/v2\/pages"}],"about":[{"href":"https:\/\/www.hancockhealth.org\/es\/wp-json\/wp\/v2\/types\/page"}],"author":[{"embeddable":true,"href":"https:\/\/www.hancockhealth.org\/es\/wp-json\/wp\/v2\/users\/6"}],"replies":[{"embeddable":true,"href":"https:\/\/www.hancockhealth.org\/es\/wp-json\/wp\/v2\/comments?post=22803"}],"version-history":[{"count":0,"href":"https:\/\/www.hancockhealth.org\/es\/wp-json\/wp\/v2\/pages\/22803\/revisions"}],"up":[{"embeddable":true,"href":"https:\/\/www.hancockhealth.org\/es\/wp-json\/wp\/v2\/pages\/22781"}],"wp:attachment":[{"href":"https:\/\/www.hancockhealth.org\/es\/wp-json\/wp\/v2\/media?parent=22803"}],"curies":[{"name":"wp","href":"https:\/\/api.w.org\/{rel}","templated":true}]}}