{"id":22799,"date":"2023-04-10T12:05:27","date_gmt":"2023-04-10T12:05:27","guid":{"rendered":"https:\/\/www.hancockhealth.org\/?page_id=22799"},"modified":"2024-01-08T18:30:50","modified_gmt":"2024-01-08T18:30:50","slug":"volunteer-opportunities","status":"publish","type":"page","link":"https:\/\/www.hancockhealth.org\/de\/about\/volunteer-opportunities\/","title":{"rendered":"Freiwillige"},"content":{"rendered":"<section id=\"block-block_4973b14eaa423ccb508e2550ebd20f4e\" class=\"wdm-image-content-hero-block  alignleft\" style=\"  padding-top: ;   padding-bottom: ;   margin-top: ;   margin-bottom: ;\">\n\n    <div class=\"container mx-auto\">\n\n        <div class=\"image-content-hero-wrapper\">\n\n            <div class=\"content-wrapper\">\n                            <h1 class=\"h2 han-barlow-xbold\">WERDEN SIE FREIWILLIG BEI UNS<\/h1>\n              <p>Freiwillige spielen eine entscheidende Rolle f\u00fcr unsere F\u00e4higkeit, qualitativ hochwertige Gesundheitsdienstleistungen anzubieten. Indem Sie Ihre Zeit und Ihr Talent spenden, dienen Sie als wichtige Br\u00fccke zwischen der Community und Hancock Health.<\/p>\n              <div class=\"button-wrapper\">\n                                <a href=\"https:\/\/www.volgistics.com\/appform\/1792593175\" class=\"han-btn with-chevron\">Online bewerben<\/a>\n                                              <\/div>\n              <div class=\"content-border\" style=\"margin:1.875rem auto;width:100%;height:1px;background-color:#d0d0d0;margin-bottom:1.875rem;\"><\/div>                            <div class=\"button-wrapper phone-cta\">\n                <a class=\"phone-cta-wrapper\" href=\"tel:+3174684729\" title=\"\">\n                  <svg xmlns=\"http:\/\/www.w3.org\/2000\/svg\" width=\"43.2\" height=\"42.761\" viewbox=\"0 0 43.2 42.761\">\n    <g data-name=\"phone icon\">\n        <ellipse cx=\"21.6\" cy=\"21.38\" rx=\"21.6\" ry=\"21.38\" style=\"fill:#1b8dcd\"\/>\n        <path d=\"M0 1.135A1.142 1.142 0 0 1 1.15 0h2.476A1.146 1.146 0 0 1 4.76.948l.85 5.034a1.131 1.131 0 0 1-.62 1.2l-1.78.878a12.609 12.609 0 0 0 7.02 6.927l.89-1.757a1.154 1.154 0 0 1 1.218-.612l5.1.839a1.139 1.139 0 0 1 .961 1.119v2.443a1.142 1.142 0 0 1-1.15 1.135h-2.3A14.852 14.852 0 0 1 0 3.4z\" style=\"fill:#fff\" transform=\"translate(12.4 11.115)\"\/>\n    <\/g>\n<\/svg>\n                  <div class=\"phone-cta-content\">\n                    <span>(317) 468-4729<\/span>\n                    <p><\/p>\n                  <\/div>\n                <\/a>\n              <\/div>\n              \n            <\/div>\n\n                        <div class=\"image-wrapper\">\n                <img decoding=\"async\" src=\"https:\/\/www.hancockhealth.org\/wp-content\/uploads\/2023\/10\/image-mask-DSC00286.png\" alt=\"Older women volunteering at front desk\"\/>\n            <\/div>\n            \n        <\/div>\n\n        \n    <\/div>\n\n<\/section> \n\n<div class=\"container mx-auto   wordpress-block wordpress- core-\">\n\n<\/div><div class=\"container mx-auto   wordpress-block wordpress-paragraph core-paragraph\">\n<p><\/p>\n<\/div><div class=\"container mx-auto   wordpress-block wordpress- core-\">\n\n<\/div><div class=\"container mx-auto   wordpress-block wordpress-heading core-heading\">\n<h3 class=\"wp-block-heading\"><strong>VORTEILE F\u00dcR FREIWILLIGE<\/strong><\/h3>\n<\/div><div class=\"container mx-auto   wordpress-block wordpress- core-\">\n\n<\/div><div class=\"container mx-auto   wordpress-block wordpress-paragraph core-paragraph\">\n<p>Unsere Freiwilligen wirken sich direkt auf die Gesundheitsversorgung der Patienten aus und verleihen ihrer Pflege eine pers\u00f6nliche Note. Es gibt viele gute Gr\u00fcnde, Ihre Zeit und Ihr Talent ehrenamtlich zu investieren, darunter:&nbsp;<\/p>\n<\/div><div class=\"container mx-auto   wordpress-block wordpress- core-\">\n\n<\/div><div class=\"container mx-auto   wordpress-block wordpress-list core-list\">\n<ul class=\"wp-block-list\">\n<li>Kostenlose Parkpl\u00e4tze und Uniformen<\/li>\n\n\n\n<li>Kostenlose Grippeschutzimpfung<\/li>\n\n\n\n<li>One free meal per shift and complimentary beverages<\/li>\n\n\n\n<li>Erm\u00e4\u00dfigte Mitgliedschaft bei Hancock Wellness Centers<\/li>\n\n\n\n<li>Gelegenheit f\u00fcr Auszeichnungen<\/li>\n\n\n\n<li>10% discount in the Gift Shop<\/li>\n\n\n\n<li>Meet new people and build new skills<\/li>\n\n\n\n<li>Scholarship opportunities<\/li>\n<\/ul>\n<\/div><div class=\"container mx-auto   wordpress-block wordpress- core-\">\n\n<\/div><div class=\"container mx-auto   wordpress-block wordpress-paragraph core-paragraph\">\n<p>Freiwilligenarbeit erm\u00f6glicht es Ihnen auch, neue Leute in der Gemeinschaft kennenzulernen und F\u00e4higkeiten f\u00fcr Ihre berufliche Weiterentwicklung zu erwerben.&nbsp;<\/p>\n<\/div><div class=\"container mx-auto   wordpress-block wordpress- core-\">\n\n<\/div><div class=\"container mx-auto   wordpress-block wordpress-paragraph core-paragraph\">\n<p>To volunteer with Hancock Health, you need to be at least 15 years of age and commit to at least six months of consistent shifts. <\/p>\n<\/div><div class=\"container mx-auto   wordpress-block wordpress- core-\">\n\n<\/div>\n\n<section id=\"block-block_7e6d4d72a200f9e82e6cfe54d55a0437\" class=\"wdm-card-slider-block  alignleft grey\" style=\"  padding-top: ;   padding-bottom: ;   margin-top: ;   margin-bottom: ;\">\n\n    <div class=\"container mx-auto\">\n\n        <div class=\"card-slider-wrapper\">\n\n            <div class=\"card-slider-heading flex align-bottom justify-between\">\n                <div class=\"card-slider-content\">\n                                        <h3 class=\"han-barlow-xbold uppercase\">WERDEN SIE FREIWILLIGER<\/h3>\n                    <p>Es gibt verschiedene M\u00f6glichkeiten, sich bei Hancock Health zu engagieren. Dies sind nur einige der M\u00f6glichkeiten, die wir als Freiwilliger anbieten.<\/p>\n                <\/div>\n                            <\/div>\n\n                        <div class=\"card-slider\">\n\n                        \n\n                <div class=\"card-wrapper\">\n                    <!-- <a href=\"\" class=\"link-wrapper\"><\/a> -->\n                    <div class=\"card-content\">\n                        <a href=\"https:\/\/www.volgistics.com\/appform\/1792593175\"><h5 class=\"han-campton-bold\">Freiwillige am Informationsschalter<\/h5><\/a>\n                        <p>Fungieren Sie als Rezeptionisten in der Hauptlobby des Krankenhauses, helfen Sie dabei, Besucher zu bestimmten Bereichen zu leiten, beantworten Sie allgemeine Fragen und schicken Sie Transportpersonal durch die Einrichtungen.<\/p>\n                    <\/div>\n                    <div class=\"card-link flex\">\n                        <a href=\"https:\/\/www.volgistics.com\/appform\/1792593175\" class=\"with-chevron link\">Anwenden<\/a>\n                    <\/div>\n                <\/div>\n\n\n                        \n\n                <div class=\"card-wrapper\">\n                    <!-- <a href=\"\" class=\"link-wrapper\"><\/a> -->\n                    <div class=\"card-content\">\n                        <a href=\"https:\/\/www.volgistics.com\/appform\/1792593175\"><h5 class=\"han-campton-bold\">Wheelchair Transporter<\/h5><\/a>\n                        <p>Provide directions, general information and wheelchair transport when needed.<\/p>\n                    <\/div>\n                    <div class=\"card-link flex\">\n                        <a href=\"https:\/\/www.volgistics.com\/appform\/1792593175\" class=\"with-chevron link\">Anwenden<\/a>\n                    <\/div>\n                <\/div>\n\n\n                        \n\n                <div class=\"card-wrapper\">\n                    <!-- <a href=\"\" class=\"link-wrapper\"><\/a> -->\n                    <div class=\"card-content\">\n                        <a href=\"https:\/\/www.volgistics.com\/appform\/1792593175\"><h5 class=\"han-campton-bold\"> Clerical, Mailroom Attendent<\/h5><\/a>\n                        <p>Assist in clerical duties in various departments, sort and delivery mail throughout the hospital. <\/p>\n                    <\/div>\n                    <div class=\"card-link flex\">\n                        <a href=\"https:\/\/www.volgistics.com\/appform\/1792593175\" class=\"with-chevron link\">Anwenden<\/a>\n                    <\/div>\n                <\/div>\n\n\n                \n            <\/div>\n\n\n            <div class=\"card-slider-pagination\">\n                <button class=\"blaze-prev slick-prev\" data-name=\"card-slider\" aria-label=\"Previous card\"><svg xmlns=\"http:\/\/www.w3.org\/2000\/svg\" width=\"43\" height=\"43\" viewbox=\"0 0 43 43\">\n    <path data-name=\"Fill 1\" d=\"M40 20A20 20 0 1 1 20 0a20 20 0 0 1 20 20\" transform=\"translate(1.5 1.5)\" style=\"fill:none;stroke:#ee7623;stroke-width:3px\"\/>\n    <path data-name=\"Path 2635\" d=\"M25.033 18H7.5\" transform=\"translate(5 3.5)\" style=\"stroke-linecap:round;stroke-linejoin:round;fill:none;stroke:#ee7623;stroke-width:3px\"\/>\n    <path data-name=\"Path 2636\" d=\"M26.767 7.5 18 16.5l8.767 9\" transform=\"translate(-5.5 5)\" style=\"stroke-linecap:round;stroke-linejoin:round;fill:none;stroke:#ee7623;stroke-width:3px\"\/>\n<\/svg>\n<\/button>\n                <div class=\"blaze-pagination slick-dots\"><\/div>\n                <button class=\"blaze-next slick-next\" data-name=\"card-slider\" aria-label=\"Next card\"><svg xmlns=\"http:\/\/www.w3.org\/2000\/svg\" width=\"43\" height=\"43\" viewbox=\"0 0 43 43\">\n    <path data-name=\"Fill 1\" d=\"M40 20A20 20 0 1 1 20 0a20 20 0 0 1 20 20\" transform=\"translate(1.5 1.5)\" style=\"fill:none;stroke:#ee7623;stroke-width:3px\"\/>\n    <path data-name=\"Path 2635\" d=\"M7.5 18h16.813\" transform=\"translate(5 3.5)\" style=\"stroke-linecap:round;stroke-linejoin:round;fill:none;stroke:#ee7623;stroke-width:3px\"\/>\n    <path data-name=\"Path 2636\" d=\"m18 7.5 8.407 9-8.407 9\" transform=\"translate(2.907 5)\" style=\"stroke-linecap:round;stroke-linejoin:round;fill:none;stroke:#ee7623;stroke-width:3px\"\/>\n<\/svg>\n<\/button>\n            <\/div>\n            \n            \n            \n        <\/div>\n\n    <\/div>\n\n<\/section>\n\n<div class=\"container mx-auto   wordpress-block wordpress- core-\">\n\n<\/div><section id=\"block-block_3279abf01e5a01032d81d3f76651fc07\" class=\"image-cta-banner-block blue left  alignleft\" style=\"  padding-top: ;   padding-bottom: ;   margin-top: ;   margin-bottom: ;  background-image:url(https:\/\/www.hancockhealth.org\/wp-content\/uploads\/2023\/08\/pattern-gradient-white.png);\">\n\n    <div class=\"container mx-auto\">\n\n        <div class=\"image-cta-banner flex large\">\n\n                        <div class=\"image-wrapper\">\n                <img decoding=\"async\" src=\"https:\/\/www.hancockhealth.org\/wp-content\/uploads\/2023\/08\/image-mask-gettyimages-1369214767-1024x1024-1.png\" alt=\"woman looking at Hancock Health logo on mobile phone\"\/>\n            <\/div>\n            \n            <div class=\"content-wrapper\">\n                                <h3 class=\"han-barlow-xbold\">Bewerben Sie sich noch heute als Freiwilliger!<\/h3>\n                <p>Treten Sie unserem Netzwerk von mehr als 350 j\u00e4hrlichen Freiwilligen bei. Neue Freiwillige werden zur Einweisung ins Krankenhaus eingeladen und erhalten eine Einzelschulung. Rufen Sie (317) 468-4729 an, um loszulegen.<\/p>\n                <div class=\"button-wrapper\">\n                                                    <\/div>\n            <\/div>\n\n        <\/div>\n\n    <\/div>\n\n<\/section>\n\n<div class=\"container mx-auto   wordpress-block wordpress- core-\">\n\n<\/div><section id=\"block-block_4efefaf0a8fc42527cbd98ebd0a1e67a\" class=\"image-cta-banner-block light-blue left  aligncenter\" style=\"  padding-top: ;   padding-bottom: ;   margin-top: ;   margin-bottom: ;  background-image:url(https:\/\/www.hancockhealth.org\/wp-content\/uploads\/2023\/04\/pattern.png);\">\n\n    <div class=\"container mx-auto\">\n\n        <div class=\"image-cta-banner flex small\">\n\n            \n            <div class=\"content-wrapper\">\n                                <h2 class=\"han-barlow-xbold\">UNTERST\u00dcTZEN SIE DIE STIFTUNG<\/h2>\n                <p>Wir glauben, dass jeder Zugang zu grundlegenden Gesundheitsdiensten verdient. Wenn Sie damit einverstanden sind, erw\u00e4gen Sie bitte eine steuerlich absetzbare Spende oder den Beitritt zu Patrons of Health: einer ausgew\u00e4hlten Gruppe von Anwohnern, deren j\u00e4hrliche Beitr\u00e4ge die Region um uns herum st\u00e4rken.<\/p>\n                <div class=\"button-wrapper\">\n                                    <a href=\"https:\/\/www.hancockhealth.org\/de\/about\/foundation\/#donationform\" class=\"han-btn with-chevron\">Schenken Sie noch heute<\/a>\n                                                    <\/div>\n            <\/div>\n\n        <\/div>\n\n    <\/div>\n\n<\/section>","protected":false},"excerpt":{"rendered":"<p>Volunteers play a crucial role in our ability to provide quality healthcare services.<\/p>","protected":false},"author":6,"featured_media":0,"parent":22781,"menu_order":40,"comment_status":"closed","ping_status":"closed","template":"","meta":{"_acf_changed":false,"_tec_requires_first_save":true,"_EventAllDay":false,"_EventTimezone":"","_EventStartDate":"","_EventEndDate":"","_EventStartDateUTC":"","_EventEndDateUTC":"","_EventShowMap":false,"_EventShowMapLink":false,"_EventURL":"","_EventCost":"","_EventCostDescription":"","_EventCurrencySymbol":"","_EventCurrencyCode":"","_EventCurrencyPosition":"","_EventDateTimeSeparator":"","_EventTimeRangeSeparator":"","_EventOrganizerID":[],"_EventVenueID":[],"_OrganizerEmail":"","_OrganizerPhone":"","_OrganizerWebsite":"","_VenueAddress":"","_VenueCity":"","_VenueCountry":"","_VenueProvince":"","_VenueState":"","_VenueZip":"","_VenuePhone":"","_VenueURL":"","_VenueStateProvince":"","_VenueLat":"","_VenueLng":"","_VenueShowMap":false,"_VenueShowMapLink":false,"_tribe_blocks_recurrence_rules":"","_tribe_blocks_recurrence_description":"","_tribe_blocks_recurrence_exclusions":"","footnotes":""},"class_list":["post-22799","page","type-page","status-publish","hentry"],"acf":[],"yoast_head":"<!-- This site is optimized with the Yoast SEO plugin v27.3 - https:\/\/yoast.com\/product\/yoast-seo-wordpress\/ -->\n<title>Volunteers - Hancock Health<\/title>\n<meta name=\"description\" content=\"Volunteer with Hancock Health and help make health possible in your community.\" \/>\n<meta name=\"robots\" content=\"index, follow, max-snippet:-1, max-image-preview:large, max-video-preview:-1\" \/>\n<link rel=\"canonical\" href=\"https:\/\/www.hancockhealth.org\/de\/about\/volunteer-opportunities\/\" \/>\n<meta property=\"og:locale\" content=\"de_DE\" \/>\n<meta property=\"og:type\" content=\"article\" \/>\n<meta property=\"og:title\" content=\"Volunteers - Hancock Health\" \/>\n<meta property=\"og:description\" content=\"Volunteer with Hancock Health and help make health possible in your community.\" \/>\n<meta property=\"og:url\" content=\"https:\/\/www.hancockhealth.org\/de\/about\/volunteer-opportunities\/\" \/>\n<meta property=\"og:site_name\" content=\"Hancock Health\" \/>\n<meta property=\"article:modified_time\" content=\"2024-01-08T18:30:50+00:00\" \/>\n<meta name=\"twitter:card\" content=\"summary_large_image\" \/>\n<meta name=\"twitter:label1\" content=\"Gesch\u00e4tzte Lesezeit\" \/>\n\t<meta name=\"twitter:data1\" content=\"3\u00a0Minuten\" \/>\n<script type=\"application\/ld+json\" class=\"yoast-schema-graph\">{\"@context\":\"https:\\\/\\\/schema.org\",\"@graph\":[{\"@type\":\"WebPage\",\"@id\":\"https:\\\/\\\/www.hancockhealth.org\\\/about\\\/volunteer-opportunities\\\/\",\"url\":\"https:\\\/\\\/www.hancockhealth.org\\\/about\\\/volunteer-opportunities\\\/\",\"name\":\"Volunteers - Hancock Health\",\"isPartOf\":{\"@id\":\"https:\\\/\\\/www.hancockhealth.org\\\/#website\"},\"datePublished\":\"2023-04-10T12:05:27+00:00\",\"dateModified\":\"2024-01-08T18:30:50+00:00\",\"description\":\"Volunteer with Hancock Health and help make health possible in your community.\",\"breadcrumb\":{\"@id\":\"https:\\\/\\\/www.hancockhealth.org\\\/about\\\/volunteer-opportunities\\\/#breadcrumb\"},\"inLanguage\":\"de\",\"potentialAction\":[{\"@type\":\"ReadAction\",\"target\":[\"https:\\\/\\\/www.hancockhealth.org\\\/about\\\/volunteer-opportunities\\\/\"]}]},{\"@type\":\"BreadcrumbList\",\"@id\":\"https:\\\/\\\/www.hancockhealth.org\\\/about\\\/volunteer-opportunities\\\/#breadcrumb\",\"itemListElement\":[{\"@type\":\"ListItem\",\"position\":1,\"name\":\"Home\",\"item\":\"https:\\\/\\\/www.hancockhealth.org\\\/\"},{\"@type\":\"ListItem\",\"position\":2,\"name\":\"About Us\",\"item\":\"https:\\\/\\\/www.hancockhealth.org\\\/about\\\/\"},{\"@type\":\"ListItem\",\"position\":3,\"name\":\"Volunteers\"}]},{\"@type\":\"WebSite\",\"@id\":\"https:\\\/\\\/www.hancockhealth.org\\\/#website\",\"url\":\"https:\\\/\\\/www.hancockhealth.org\\\/\",\"name\":\"Hancock Health\",\"description\":\"Explore a health network built around you.\",\"potentialAction\":[{\"@type\":\"SearchAction\",\"target\":{\"@type\":\"EntryPoint\",\"urlTemplate\":\"https:\\\/\\\/www.hancockhealth.org\\\/?s={search_term_string}\"},\"query-input\":{\"@type\":\"PropertyValueSpecification\",\"valueRequired\":true,\"valueName\":\"search_term_string\"}}],\"inLanguage\":\"de\"}]}<\/script>\n<!-- \/ Yoast SEO plugin. -->","yoast_head_json":{"title":"Volunteers - Hancock Health","description":"Volunteer with Hancock Health and help make health possible in your community.","robots":{"index":"index","follow":"follow","max-snippet":"max-snippet:-1","max-image-preview":"max-image-preview:large","max-video-preview":"max-video-preview:-1"},"canonical":"https:\/\/www.hancockhealth.org\/de\/about\/volunteer-opportunities\/","og_locale":"de_DE","og_type":"article","og_title":"Volunteers - Hancock Health","og_description":"Volunteer with Hancock Health and help make health possible in your community.","og_url":"https:\/\/www.hancockhealth.org\/de\/about\/volunteer-opportunities\/","og_site_name":"Hancock Health","article_modified_time":"2024-01-08T18:30:50+00:00","twitter_card":"summary_large_image","twitter_misc":{"Gesch\u00e4tzte Lesezeit":"3\u00a0Minuten"},"schema":{"@context":"https:\/\/schema.org","@graph":[{"@type":"WebPage","@id":"https:\/\/www.hancockhealth.org\/about\/volunteer-opportunities\/","url":"https:\/\/www.hancockhealth.org\/about\/volunteer-opportunities\/","name":"Volunteers - Hancock Health","isPartOf":{"@id":"https:\/\/www.hancockhealth.org\/#website"},"datePublished":"2023-04-10T12:05:27+00:00","dateModified":"2024-01-08T18:30:50+00:00","description":"Volunteer with Hancock Health and help make health possible in your community.","breadcrumb":{"@id":"https:\/\/www.hancockhealth.org\/about\/volunteer-opportunities\/#breadcrumb"},"inLanguage":"de","potentialAction":[{"@type":"ReadAction","target":["https:\/\/www.hancockhealth.org\/about\/volunteer-opportunities\/"]}]},{"@type":"BreadcrumbList","@id":"https:\/\/www.hancockhealth.org\/about\/volunteer-opportunities\/#breadcrumb","itemListElement":[{"@type":"ListItem","position":1,"name":"Home","item":"https:\/\/www.hancockhealth.org\/"},{"@type":"ListItem","position":2,"name":"About Us","item":"https:\/\/www.hancockhealth.org\/about\/"},{"@type":"ListItem","position":3,"name":"Volunteers"}]},{"@type":"WebSite","@id":"https:\/\/www.hancockhealth.org\/#website","url":"https:\/\/www.hancockhealth.org\/","name":"Hancock Gesundheit","description":"Explore a health network built around you.","potentialAction":[{"@type":"SearchAction","target":{"@type":"EntryPoint","urlTemplate":"https:\/\/www.hancockhealth.org\/?s={search_term_string}"},"query-input":{"@type":"PropertyValueSpecification","valueRequired":true,"valueName":"search_term_string"}}],"inLanguage":"de"}]}},"_links":{"self":[{"href":"https:\/\/www.hancockhealth.org\/de\/wp-json\/wp\/v2\/pages\/22799","targetHints":{"allow":["GET"]}}],"collection":[{"href":"https:\/\/www.hancockhealth.org\/de\/wp-json\/wp\/v2\/pages"}],"about":[{"href":"https:\/\/www.hancockhealth.org\/de\/wp-json\/wp\/v2\/types\/page"}],"author":[{"embeddable":true,"href":"https:\/\/www.hancockhealth.org\/de\/wp-json\/wp\/v2\/users\/6"}],"replies":[{"embeddable":true,"href":"https:\/\/www.hancockhealth.org\/de\/wp-json\/wp\/v2\/comments?post=22799"}],"version-history":[{"count":0,"href":"https:\/\/www.hancockhealth.org\/de\/wp-json\/wp\/v2\/pages\/22799\/revisions"}],"up":[{"embeddable":true,"href":"https:\/\/www.hancockhealth.org\/de\/wp-json\/wp\/v2\/pages\/22781"}],"wp:attachment":[{"href":"https:\/\/www.hancockhealth.org\/de\/wp-json\/wp\/v2\/media?parent=22799"}],"curies":[{"name":"wp","href":"https:\/\/api.w.org\/{rel}","templated":true}]}}